{"id":228,"date":"2022-08-03T18:42:26","date_gmt":"2022-08-03T16:42:26","guid":{"rendered":"https:\/\/pracowniaxbit.pl\/site1\/?page_id=228"},"modified":"2022-08-25T11:49:29","modified_gmt":"2022-08-25T09:49:29","slug":"lokalizacja","status":"publish","type":"page","link":"https:\/\/pracowniaxbit.pl\/site1\/lokalizacja\/","title":{"rendered":"Lokalizacja"},"content":{"rendered":"\n<p>ul. Krakowska 14a, Legionowo<\/p>\n\n\n\n<h2>Nasze biuro:<\/h2>\n\n\n\n<iframe src=\"https:\/\/www.google.com\/maps\/embed?pb=!4v1659545590419!6m8!1m7!1stbNuJbp_BvQqYVKGsa50nQ!2m2!1d52.40785551685817!2d20.91421819358632!3f297.61066!4f0!5f0.7820865974627469\" width=\"600\" height=\"450\" style=\"border:0;\" allowfullscreen=\"\" loading=\"lazy\" referrerpolicy=\"no-referrer-when-downgrade\"><\/iframe>\n\n\n\n<p><small><a href=\"https:\/\/maps.google.com\/maps?cbll=52.407782,20.914166&amp;layer=c&amp;panoid=saUxKpih6XvJgvNkvtPVSA&amp;cbp=12,282.22,,0,-0.71&amp;q=Krakowska+14,+Legionowo,+Polska&amp;ie=UTF8&amp;hq=&amp;hnear=Krakowska+14,+Legionowo,+Polska&amp;ll=52.407782,20.914166&amp;spn=0.337388,0.617294&amp;t=m&amp;z=11&amp;source=embed\">Wy\u015bwietl wi\u0119ksz\u0105 map\u0119<\/a><\/small><\/p>\n\n\n\n<p><br><small><a href=\"https:\/\/maps.google.com\/maps?cbll=52.407782,20.914166&amp;layer=c&amp;panoid=saUxKpih6XvJgvNkvtPVSA&amp;cbp=12,282.22,,0,-0.71&amp;q=Krakowska+14,+Legionowo,+Polska&amp;ie=UTF8&amp;hq=&amp;hnear=Krakowska+14,+Legionowo,+Polska&amp;ll=52.407782,20.914166&amp;spn=0.337388,0.617294&amp;t=m&amp;z=11&amp;source=embed\">Wy\u015bwietl wi\u0119ksz\u0105 map\u0119<\/a><\/small><\/p>\n\n\n\n<h2>Mapa dojazdu:<\/h2>\n\n\n\n<div class=\"mapouter\"><div class=\"gmap_canvas\"><iframe loading=\"lazy\" width=\"600\" height=\"500\" id=\"gmap_canvas\" src=\"https:\/\/maps.google.com\/maps?q=krakowska%2014%20a%20legionowo&amp;t=&amp;z=15&amp;ie=UTF8&amp;iwloc=&amp;output=embed\" frameborder=\"0\" scrolling=\"no\" marginheight=\"0\" marginwidth=\"0\"><\/iframe><a href=\"https:\/\/putlocker-is.org\">putlocker<\/a><br><style>.mapouter{position:relative;text-align:right;height:500px;width:600px;}<\/style><a href=\"https:\/\/www.embedgooglemap.net\">embed google map to website<\/a><style>.gmap_canvas {overflow:hidden;background:none!important;height:500px;width:600px;}<\/style><\/div><\/div>\n\n\n\n<p><br><small><a href=\"https:\/\/maps.google.com\/maps?q=Krakowska+14,+Legionowo,+Polska&amp;ie=UTF8&amp;hq=&amp;hnear=Krakowska+14,+Legionowo,+Polska&amp;ll=52.407782,20.914166&amp;spn=0.021181,0.038581&amp;t=m&amp;z=14&amp;source=embed\">Wy\u015bwietl wi\u0119ksz\u0105 map\u0119<\/a><\/small><\/p>\n","protected":false},"excerpt":{"rendered":"<p>ul. Krakowska 14a, Legionowo Nasze biuro: Wy\u015bwietl wi\u0119ksz\u0105 map\u0119 Wy\u015bwietl wi\u0119ksz\u0105 map\u0119 [&hellip;]<\/p>\n","protected":false},"author":1,"featured_media":0,"parent":0,"menu_order":8,"comment_status":"closed","ping_status":"closed","template":"","meta":{"om_disable_all_campaigns":false,"_mi_skip_tracking":false},"aioseo_notices":[],"_links":{"self":[{"href":"https:\/\/pracowniaxbit.pl\/site1\/wp-json\/wp\/v2\/pages\/228"}],"collection":[{"href":"https:\/\/pracowniaxbit.pl\/site1\/wp-json\/wp\/v2\/pages"}],"about":[{"href":"https:\/\/pracowniaxbit.pl\/site1\/wp-json\/wp\/v2\/types\/page"}],"author":[{"embeddable":true,"href":"https:\/\/pracowniaxbit.pl\/site1\/wp-json\/wp\/v2\/users\/1"}],"replies":[{"embeddable":true,"href":"https:\/\/pracowniaxbit.pl\/site1\/wp-json\/wp\/v2\/comments?post=228"}],"version-history":[{"count":5,"href":"https:\/\/pracowniaxbit.pl\/site1\/wp-json\/wp\/v2\/pages\/228\/revisions"}],"predecessor-version":[{"id":387,"href":"https:\/\/pracowniaxbit.pl\/site1\/wp-json\/wp\/v2\/pages\/228\/revisions\/387"}],"wp:attachment":[{"href":"https:\/\/pracowniaxbit.pl\/site1\/wp-json\/wp\/v2\/media?parent=228"}],"curies":[{"name":"wp","href":"https:\/\/api.w.org\/{rel}","templated":true}]}}