{"id":2,"date":"2022-07-22T16:11:29","date_gmt":"2022-07-22T14:11:29","guid":{"rendered":"http:\/\/pracowniaxbit.pl\/site1\/?page_id=2"},"modified":"2023-02-01T11:22:47","modified_gmt":"2023-02-01T10:22:47","slug":"xbit-pracownia-projektowa","status":"publish","type":"page","link":"https:\/\/pracowniaxbit.pl\/site1\/","title":{"rendered":"Start"},"content":{"rendered":"\n<h2 class=\"has-text-align-center\">Zapraszamy <\/h2>\n\n\n\n<h6 class=\"has-text-align-center\">do zapoznania si\u0119 z nasz\u0105 ofert\u0105:<\/h6>\n\n\n\n<div class=\"wp-block-cover is-light\"><span aria-hidden=\"true\" class=\"wp-block-cover__background has-background-dim has-background-gradient\" style=\"background:linear-gradient(0deg,rgb(255,255,255) 0%,rgb(185,210,229) 87%)\"><\/span><div class=\"wp-block-cover__inner-container\">\n<h1 class=\"has-text-align-center is-style-default\">Architektura<\/h1>\n\n\n\n<figure class=\"is-layout-flex wp-block-gallery-1 wp-block-gallery has-nested-images columns-default is-cropped\">\n<figure class=\"wp-block-image size-large\"><img decoding=\"async\" loading=\"lazy\" width=\"1680\" height=\"945\" src=\"http:\/\/pracowniaxbit.pl\/site1\/wp-content\/uploads\/2022\/08\/Image-15_1680x945.jpg\" alt=\"\" class=\"wp-image-89\" srcset=\"https:\/\/pracowniaxbit.pl\/site1\/wp-content\/uploads\/2022\/08\/Image-15_1680x945.jpg 1680w, https:\/\/pracowniaxbit.pl\/site1\/wp-content\/uploads\/2022\/08\/Image-15_1680x945-300x169.jpg 300w, https:\/\/pracowniaxbit.pl\/site1\/wp-content\/uploads\/2022\/08\/Image-15_1680x945-1024x576.jpg 1024w, https:\/\/pracowniaxbit.pl\/site1\/wp-content\/uploads\/2022\/08\/Image-15_1680x945-768x432.jpg 768w, https:\/\/pracowniaxbit.pl\/site1\/wp-content\/uploads\/2022\/08\/Image-15_1680x945-1536x864.jpg 1536w, https:\/\/pracowniaxbit.pl\/site1\/wp-content\/uploads\/2022\/08\/Image-15_1680x945-900x506.jpg 900w, https:\/\/pracowniaxbit.pl\/site1\/wp-content\/uploads\/2022\/08\/Image-15_1680x945-500x281.jpg 500w\" sizes=\"(max-width: 1680px) 100vw, 1680px\" \/><\/figure>\n\n\n\n<figure class=\"wp-block-image size-large\"><img decoding=\"async\" loading=\"lazy\" width=\"1920\" height=\"1080\" src=\"http:\/\/pracowniaxbit.pl\/site1\/wp-content\/uploads\/2022\/08\/Image-09.jpg\" alt=\"\" class=\"wp-image-78\" srcset=\"https:\/\/pracowniaxbit.pl\/site1\/wp-content\/uploads\/2022\/08\/Image-09.jpg 1920w, https:\/\/pracowniaxbit.pl\/site1\/wp-content\/uploads\/2022\/08\/Image-09-300x169.jpg 300w, https:\/\/pracowniaxbit.pl\/site1\/wp-content\/uploads\/2022\/08\/Image-09-1024x576.jpg 1024w, https:\/\/pracowniaxbit.pl\/site1\/wp-content\/uploads\/2022\/08\/Image-09-768x432.jpg 768w, https:\/\/pracowniaxbit.pl\/site1\/wp-content\/uploads\/2022\/08\/Image-09-1536x864.jpg 1536w, https:\/\/pracowniaxbit.pl\/site1\/wp-content\/uploads\/2022\/08\/Image-09-900x506.jpg 900w, https:\/\/pracowniaxbit.pl\/site1\/wp-content\/uploads\/2022\/08\/Image-09-500x281.jpg 500w\" sizes=\"(max-width: 1920px) 100vw, 1920px\" \/><\/figure>\n\n\n\n<figure class=\"wp-block-image size-large\"><img decoding=\"async\" loading=\"lazy\" width=\"1000\" height=\"562\" src=\"http:\/\/pracowniaxbit.pl\/site1\/wp-content\/uploads\/2022\/07\/wiz_od_grafika_2-2.jpg\" alt=\"\" class=\"wp-image-13\" srcset=\"https:\/\/pracowniaxbit.pl\/site1\/wp-content\/uploads\/2022\/07\/wiz_od_grafika_2-2.jpg 1000w, https:\/\/pracowniaxbit.pl\/site1\/wp-content\/uploads\/2022\/07\/wiz_od_grafika_2-2-300x169.jpg 300w, https:\/\/pracowniaxbit.pl\/site1\/wp-content\/uploads\/2022\/07\/wiz_od_grafika_2-2-768x432.jpg 768w, https:\/\/pracowniaxbit.pl\/site1\/wp-content\/uploads\/2022\/07\/wiz_od_grafika_2-2-900x506.jpg 900w, https:\/\/pracowniaxbit.pl\/site1\/wp-content\/uploads\/2022\/07\/wiz_od_grafika_2-2-500x281.jpg 500w\" sizes=\"(max-width: 1000px) 100vw, 1000px\" \/><\/figure>\n<\/figure>\n\n\n\n<p><strong>Oferujemy wykonanie projekt\u00f3w architektonicznych, budynk\u00f3w jednorodzinnych wolnostoj\u0105cych, w zabudowie bli\u017aniaczej i segmentowej, pawilon\u00f3w us\u0142ugowych, obiekt\u00f3w wielorodzinnych oraz towarzysz\u0105ce projekty komunikacyjne i bran\u017c instalacyjnych. Pracownia Xbit zapewnia wykonanie projektu wykorzystuj\u0105c najnowsze technologie pocz\u0105wszy od wst\u0119pnej koncepcji a\u017c po ostatni etap realizacji inwestycji, umo\u017cliwiaj\u0105c Naszym Klientom wgl\u0105d w tr\u00f3jwymiarowy obiekt przez ca\u0142y proces projektowania tak aby spe\u0142ni\u0142 on wszystkie oczekiwania.<\/strong><\/p>\n<\/div><\/div>\n\n\n\n<div class=\"wp-block-cover is-light\"><span aria-hidden=\"true\" class=\"wp-block-cover__background has-background-dim has-background-gradient\" style=\"background:linear-gradient(0deg,rgb(255,255,255) 0%,rgb(185,210,229) 100%)\"><\/span><div class=\"wp-block-cover__inner-container\">\n<h1 class=\"has-text-align-center\">In\u017cynieria<\/h1>\n\n\n\n<figure class=\"is-layout-flex wp-block-gallery-3 wp-block-gallery has-nested-images columns-default is-cropped\">\n<figure class=\"wp-block-image size-large\"><img decoding=\"async\" loading=\"lazy\" width=\"2560\" height=\"1214\" src=\"http:\/\/pracowniaxbit.pl\/site1\/wp-content\/uploads\/2022\/08\/20200707_155227-scaled.jpg\" alt=\"\" class=\"wp-image-118\" srcset=\"https:\/\/pracowniaxbit.pl\/site1\/wp-content\/uploads\/2022\/08\/20200707_155227-scaled.jpg 2560w, https:\/\/pracowniaxbit.pl\/site1\/wp-content\/uploads\/2022\/08\/20200707_155227-300x142.jpg 300w, https:\/\/pracowniaxbit.pl\/site1\/wp-content\/uploads\/2022\/08\/20200707_155227-1024x485.jpg 1024w, https:\/\/pracowniaxbit.pl\/site1\/wp-content\/uploads\/2022\/08\/20200707_155227-768x364.jpg 768w, https:\/\/pracowniaxbit.pl\/site1\/wp-content\/uploads\/2022\/08\/20200707_155227-1536x728.jpg 1536w, https:\/\/pracowniaxbit.pl\/site1\/wp-content\/uploads\/2022\/08\/20200707_155227-2048x971.jpg 2048w, https:\/\/pracowniaxbit.pl\/site1\/wp-content\/uploads\/2022\/08\/20200707_155227-900x427.jpg 900w, https:\/\/pracowniaxbit.pl\/site1\/wp-content\/uploads\/2022\/08\/20200707_155227-500x237.jpg 500w\" sizes=\"(max-width: 2560px) 100vw, 2560px\" \/><\/figure>\n\n\n\n<figure class=\"wp-block-image size-large\"><img decoding=\"async\" loading=\"lazy\" width=\"2560\" height=\"1920\" src=\"http:\/\/pracowniaxbit.pl\/site1\/wp-content\/uploads\/2022\/08\/20210331_082357-scaled.jpg\" alt=\"\" class=\"wp-image-135\" srcset=\"https:\/\/pracowniaxbit.pl\/site1\/wp-content\/uploads\/2022\/08\/20210331_082357-scaled.jpg 2560w, https:\/\/pracowniaxbit.pl\/site1\/wp-content\/uploads\/2022\/08\/20210331_082357-300x225.jpg 300w, https:\/\/pracowniaxbit.pl\/site1\/wp-content\/uploads\/2022\/08\/20210331_082357-1024x768.jpg 1024w, https:\/\/pracowniaxbit.pl\/site1\/wp-content\/uploads\/2022\/08\/20210331_082357-768x576.jpg 768w, https:\/\/pracowniaxbit.pl\/site1\/wp-content\/uploads\/2022\/08\/20210331_082357-1536x1152.jpg 1536w, https:\/\/pracowniaxbit.pl\/site1\/wp-content\/uploads\/2022\/08\/20210331_082357-2048x1536.jpg 2048w, https:\/\/pracowniaxbit.pl\/site1\/wp-content\/uploads\/2022\/08\/20210331_082357-900x675.jpg 900w, https:\/\/pracowniaxbit.pl\/site1\/wp-content\/uploads\/2022\/08\/20210331_082357-500x375.jpg 500w\" sizes=\"(max-width: 2560px) 100vw, 2560px\" \/><\/figure>\n\n\n\n<figure class=\"wp-block-image size-large\"><img decoding=\"async\" loading=\"lazy\" width=\"2560\" height=\"1581\" src=\"http:\/\/pracowniaxbit.pl\/site1\/wp-content\/uploads\/2022\/08\/20200224_161604-scaled.jpg\" alt=\"\" class=\"wp-image-175\" srcset=\"https:\/\/pracowniaxbit.pl\/site1\/wp-content\/uploads\/2022\/08\/20200224_161604-scaled.jpg 2560w, https:\/\/pracowniaxbit.pl\/site1\/wp-content\/uploads\/2022\/08\/20200224_161604-300x185.jpg 300w, https:\/\/pracowniaxbit.pl\/site1\/wp-content\/uploads\/2022\/08\/20200224_161604-1024x632.jpg 1024w, https:\/\/pracowniaxbit.pl\/site1\/wp-content\/uploads\/2022\/08\/20200224_161604-768x474.jpg 768w, https:\/\/pracowniaxbit.pl\/site1\/wp-content\/uploads\/2022\/08\/20200224_161604-1536x949.jpg 1536w, https:\/\/pracowniaxbit.pl\/site1\/wp-content\/uploads\/2022\/08\/20200224_161604-2048x1265.jpg 2048w, https:\/\/pracowniaxbit.pl\/site1\/wp-content\/uploads\/2022\/08\/20200224_161604-900x556.jpg 900w, https:\/\/pracowniaxbit.pl\/site1\/wp-content\/uploads\/2022\/08\/20200224_161604-500x309.jpg 500w\" sizes=\"(max-width: 2560px) 100vw, 2560px\" \/><\/figure>\n<\/figure>\n\n\n\n<p><strong>Nasz zesp\u00f3\u0142 in\u017cynierski sprosta wszelkim wyzwaniom zwi\u0105zanym z nietypowymi konstrukcjami, przebudowami, adaptacjami oraz zapewni kompleksowe doradztwo techniczne na etapie projektu, a tak\u017ce podczas realizacji inwestycji.<\/strong><\/p>\n<\/div><\/div>\n\n\n\n<div class=\"wp-block-cover is-light\"><span aria-hidden=\"true\" class=\"wp-block-cover__background has-background-dim has-background-gradient\" style=\"background:linear-gradient(0deg,rgb(255,255,255) 0%,rgb(185,210,229) 100%)\"><\/span><div class=\"wp-block-cover__inner-container\">\n<h1 class=\"has-text-align-center\">Infrastruktura<\/h1>\n\n\n\n<figure class=\"is-layout-flex wp-block-gallery-5 wp-block-gallery has-nested-images columns-default is-cropped\">\n<figure class=\"wp-block-image size-large\"><img decoding=\"async\" loading=\"lazy\" width=\"1080\" height=\"718\" src=\"http:\/\/pracowniaxbit.pl\/site1\/wp-content\/uploads\/2022\/08\/GPRD-Global-Automated-Car-Park-Mechanical-Ventilation-ACPMV-car-park-photo.jpg\" alt=\"\" class=\"wp-image-176\" srcset=\"https:\/\/pracowniaxbit.pl\/site1\/wp-content\/uploads\/2022\/08\/GPRD-Global-Automated-Car-Park-Mechanical-Ventilation-ACPMV-car-park-photo.jpg 1080w, https:\/\/pracowniaxbit.pl\/site1\/wp-content\/uploads\/2022\/08\/GPRD-Global-Automated-Car-Park-Mechanical-Ventilation-ACPMV-car-park-photo-300x199.jpg 300w, https:\/\/pracowniaxbit.pl\/site1\/wp-content\/uploads\/2022\/08\/GPRD-Global-Automated-Car-Park-Mechanical-Ventilation-ACPMV-car-park-photo-1024x681.jpg 1024w, https:\/\/pracowniaxbit.pl\/site1\/wp-content\/uploads\/2022\/08\/GPRD-Global-Automated-Car-Park-Mechanical-Ventilation-ACPMV-car-park-photo-768x511.jpg 768w, https:\/\/pracowniaxbit.pl\/site1\/wp-content\/uploads\/2022\/08\/GPRD-Global-Automated-Car-Park-Mechanical-Ventilation-ACPMV-car-park-photo-900x598.jpg 900w, https:\/\/pracowniaxbit.pl\/site1\/wp-content\/uploads\/2022\/08\/GPRD-Global-Automated-Car-Park-Mechanical-Ventilation-ACPMV-car-park-photo-500x332.jpg 500w\" sizes=\"(max-width: 1080px) 100vw, 1080px\" \/><\/figure>\n\n\n\n<figure class=\"wp-block-image size-large\"><img decoding=\"async\" loading=\"lazy\" width=\"2560\" height=\"1920\" src=\"http:\/\/pracowniaxbit.pl\/site1\/wp-content\/uploads\/2022\/08\/20210128_142931-scaled.jpg\" alt=\"\" class=\"wp-image-177\" srcset=\"https:\/\/pracowniaxbit.pl\/site1\/wp-content\/uploads\/2022\/08\/20210128_142931-scaled.jpg 2560w, https:\/\/pracowniaxbit.pl\/site1\/wp-content\/uploads\/2022\/08\/20210128_142931-300x225.jpg 300w, https:\/\/pracowniaxbit.pl\/site1\/wp-content\/uploads\/2022\/08\/20210128_142931-1024x768.jpg 1024w, https:\/\/pracowniaxbit.pl\/site1\/wp-content\/uploads\/2022\/08\/20210128_142931-768x576.jpg 768w, https:\/\/pracowniaxbit.pl\/site1\/wp-content\/uploads\/2022\/08\/20210128_142931-1536x1152.jpg 1536w, https:\/\/pracowniaxbit.pl\/site1\/wp-content\/uploads\/2022\/08\/20210128_142931-2048x1536.jpg 2048w, https:\/\/pracowniaxbit.pl\/site1\/wp-content\/uploads\/2022\/08\/20210128_142931-900x675.jpg 900w, https:\/\/pracowniaxbit.pl\/site1\/wp-content\/uploads\/2022\/08\/20210128_142931-500x375.jpg 500w\" sizes=\"(max-width: 2560px) 100vw, 2560px\" \/><\/figure>\n\n\n\n<figure class=\"wp-block-image size-large\"><img decoding=\"async\" loading=\"lazy\" width=\"2560\" height=\"1920\" src=\"http:\/\/pracowniaxbit.pl\/site1\/wp-content\/uploads\/2022\/08\/20210323_154531-scaled.jpg\" alt=\"\" class=\"wp-image-178\" srcset=\"https:\/\/pracowniaxbit.pl\/site1\/wp-content\/uploads\/2022\/08\/20210323_154531-scaled.jpg 2560w, https:\/\/pracowniaxbit.pl\/site1\/wp-content\/uploads\/2022\/08\/20210323_154531-300x225.jpg 300w, https:\/\/pracowniaxbit.pl\/site1\/wp-content\/uploads\/2022\/08\/20210323_154531-1024x768.jpg 1024w, https:\/\/pracowniaxbit.pl\/site1\/wp-content\/uploads\/2022\/08\/20210323_154531-768x576.jpg 768w, https:\/\/pracowniaxbit.pl\/site1\/wp-content\/uploads\/2022\/08\/20210323_154531-1536x1152.jpg 1536w, https:\/\/pracowniaxbit.pl\/site1\/wp-content\/uploads\/2022\/08\/20210323_154531-2048x1536.jpg 2048w, https:\/\/pracowniaxbit.pl\/site1\/wp-content\/uploads\/2022\/08\/20210323_154531-900x675.jpg 900w, https:\/\/pracowniaxbit.pl\/site1\/wp-content\/uploads\/2022\/08\/20210323_154531-500x375.jpg 500w\" sizes=\"(max-width: 2560px) 100vw, 2560px\" \/><\/figure>\n<\/figure>\n\n\n\n<p><strong>Pomo\u017cemy Ci przebrn\u0105\u0107 przez wszystkie zagadnienia towarzysz\u0105ce budownictwu, m.in: zagospodarowanie dzia\u0142ki, komunikacja, parkingi, zjazdy publiczne i indywidualne, przy\u0142\u0105cza medi\u00f3w, instalacje wewn\u0119trzne<\/strong>.<\/p>\n<\/div><\/div>\n\n\n\n<div class=\"wp-block-cover is-light\"><span aria-hidden=\"true\" class=\"wp-block-cover__background has-background-dim has-background-gradient\" style=\"background:linear-gradient(0deg,rgb(255,255,255) 0%,rgb(185,210,229) 100%)\"><\/span><div class=\"wp-block-cover__inner-container\">\n<h1 class=\"has-text-align-center\">BIM<\/h1>\n\n\n\n<figure class=\"is-layout-flex wp-block-gallery-7 wp-block-gallery has-nested-images columns-default is-cropped\">\n<figure class=\"wp-block-image size-large\"><img decoding=\"async\" loading=\"lazy\" width=\"474\" height=\"341\" src=\"http:\/\/pracowniaxbit.pl\/site1\/wp-content\/uploads\/2022\/08\/th-3931408718..jpg\" alt=\"\" class=\"wp-image-182\" srcset=\"https:\/\/pracowniaxbit.pl\/site1\/wp-content\/uploads\/2022\/08\/th-3931408718..jpg 474w, https:\/\/pracowniaxbit.pl\/site1\/wp-content\/uploads\/2022\/08\/th-3931408718.-300x216.jpg 300w\" sizes=\"(max-width: 474px) 100vw, 474px\" \/><\/figure>\n\n\n\n<figure class=\"wp-block-image size-full\"><img decoding=\"async\" loading=\"lazy\" width=\"355\" height=\"199\" src=\"http:\/\/pracowniaxbit.pl\/site1\/wp-content\/uploads\/2022\/08\/th-1308729706.-1.jpg\" alt=\"\" class=\"wp-image-187\" srcset=\"https:\/\/pracowniaxbit.pl\/site1\/wp-content\/uploads\/2022\/08\/th-1308729706.-1.jpg 355w, https:\/\/pracowniaxbit.pl\/site1\/wp-content\/uploads\/2022\/08\/th-1308729706.-1-300x168.jpg 300w\" sizes=\"(max-width: 355px) 100vw, 355px\" \/><\/figure>\n\n\n\n<figure class=\"wp-block-image size-large\"><img decoding=\"async\" loading=\"lazy\" width=\"474\" height=\"296\" src=\"http:\/\/pracowniaxbit.pl\/site1\/wp-content\/uploads\/2022\/08\/th-3769671106..jpg\" alt=\"\" class=\"wp-image-181\" srcset=\"https:\/\/pracowniaxbit.pl\/site1\/wp-content\/uploads\/2022\/08\/th-3769671106..jpg 474w, https:\/\/pracowniaxbit.pl\/site1\/wp-content\/uploads\/2022\/08\/th-3769671106.-300x187.jpg 300w\" sizes=\"(max-width: 474px) 100vw, 474px\" \/><\/figure>\n<\/figure>\n\n\n\n<p><strong>BIM \u2013 modelowanie \/ zarz\u0105dzanie informacj\u0105 o budynku &#8211; jest to nowa koncepcja w dziedzinie budownictwa, kt\u00f3ra zrewolucjonizowa\u0142a podej\u015bcie do projektowania, budowania i zarz\u0105dzania budynkami. <\/strong><\/p>\n\n\n\n<p><strong>BIM zapewnia ci\u0105g\u0142y dost\u0119p do informacji o projekcie, oparty na cyfrowym modelu i sp\u00f3jnej bazie danych umo\u017cliwiaj\u0105c komunikacj\u0119 na temat projektu oraz koordynacj\u0119 informacji na r\u00f3\u017cnych niedostrzegalnych wcze\u015bniej poziomach. <\/strong><\/p>\n\n\n\n<p><strong>Dzi\u0119ki temu mamy <strong>\u0142atwy<\/strong> dost\u0119p do szeregu korzy\u015bci: <\/strong><\/p>\n\n\n\n<ul>\n<li>wykrywanie kolizji i b\u0142\u0119d\u00f3w projektowych<\/li>\n\n\n\n<li>automatyczne zestawienia materia\u0142\u00f3w i koszt\u00f3w<\/li>\n\n\n\n<li>projektowanie dynamiczne i parametryczne<\/li>\n\n\n\n<li>wizualizacje na placu budowy<\/li>\n\n\n\n<li>analizy energetyczne, \u015brodowiskowe, materia\u0142owe, funkcjonalne, technologiczne, itp.<\/li>\n\n\n\n<li>wykorzystanie komputerowych oblicze\u0144 i algorytm\u00f3w oraz cyfrowych analiz to wyboru najoptymalniejszych rozwi\u0105za\u0144<\/li>\n\n\n\n<li>\u0142atwa weryfikacja pracy projektanta i wykonawcy<\/li>\n\n\n\n<li>i wiele innych<\/li>\n<\/ul>\n\n\n\n<p><strong>Oferujemy projektowanie, nadz\u00f3r nad etapem projektowania i wykonawstwa oraz narz\u0119dzia dla inwestor\u00f3w umo\u017cliwiaj\u0105ce szeroki wachlarz analiz, optymalizacji i wizualizacji planowanych i istniej\u0105cych inwestycji.<\/strong><\/p>\n<\/div><\/div>\n\n\n\n<div class=\"wp-block-cover is-light\"><span aria-hidden=\"true\" class=\"wp-block-cover__background has-background-dim-100 has-background-dim has-background-gradient\" style=\"background:linear-gradient(0deg,rgb(255,255,255) 0%,rgb(185,210,229) 100%)\"><\/span><div class=\"wp-block-cover__inner-container\">\n<p class=\"has-text-align-center has-extra-large-font-size\"><strong>Oferujemy projektowanie w zakresie budownictwa<\/strong>:<\/p>\n\n\n\n<div class=\"is-layout-flex wp-container-13 wp-block-columns\">\n<div class=\"is-layout-flow wp-block-column\"><div class=\"wp-block-image\">\n<figure class=\"aligncenter size-full\"><img decoding=\"async\" loading=\"lazy\" width=\"130\" height=\"101\" src=\"https:\/\/pracowniaxbit.pl\/site1\/wp-content\/uploads\/2022\/11\/1.jpg\" alt=\"\" class=\"wp-image-526\"\/><\/figure><\/div>\n\n\n<p class=\"has-text-align-center has-normal-font-size\"><strong>Jednorodzinnego<\/strong><\/p>\n\n\n\n<ul class=\"has-small-font-size\"><li>wolno stoj\u0105ce<\/li><li>szeregowe<\/li><li>bli\u017aniacze<\/li><li>letniskowe<\/li><li>ma\u0142a architektura<\/li><li>gara\u017ce<\/li><li>budynki gospodarcze<\/li><li>itp.<\/li><\/ul>\n<\/div>\n\n\n\n<div class=\"is-layout-flow wp-block-column\"><div class=\"wp-block-image\">\n<figure class=\"aligncenter size-full\"><img decoding=\"async\" loading=\"lazy\" width=\"130\" height=\"101\" src=\"https:\/\/pracowniaxbit.pl\/site1\/wp-content\/uploads\/2022\/11\/2.jpg\" alt=\"\" class=\"wp-image-527\"\/><\/figure><\/div>\n\n\n<p class=\"has-text-align-center has-normal-font-size\"><strong>Wielorodzinnego<\/strong><\/p>\n\n\n\n<ul class=\"has-small-font-size\"><li>osiedla i pojedyncze budynki<\/li><li>parkingi podziemne i naziemne<\/li><li>analizy ch\u0142onno\u015bci, koszt\u00f3w inwestycji, nas\u0142onecznienia itd.<\/li><li>rewitalizacje i przebudowy<\/li><\/ul>\n<\/div>\n\n\n\n<div class=\"is-layout-flow wp-block-column\"><div class=\"wp-block-image\">\n<figure class=\"aligncenter size-full\"><img decoding=\"async\" loading=\"lazy\" width=\"130\" height=\"101\" src=\"https:\/\/pracowniaxbit.pl\/site1\/wp-content\/uploads\/2022\/11\/3.jpg\" alt=\"\" class=\"wp-image-528\"\/><\/figure><\/div>\n\n\n<p class=\"has-text-align-center has-normal-font-size\"><strong>Przemys\u0142owego<\/strong><\/p>\n\n\n\n<ul class=\"has-small-font-size\"><li>hale magazynowe i produkcyjne<\/li><li>budynki gospodarcze, inwentarskie i sk\u0142adowe<\/li><li>obiekty przemys\u0142owe w technologiach m.in. murowanych, stalowych, namiotowych<\/li><\/ul>\n<\/div>\n\n\n\n<div class=\"is-layout-flow wp-block-column\"><div class=\"wp-block-image\">\n<figure class=\"aligncenter size-full\"><img decoding=\"async\" loading=\"lazy\" width=\"130\" height=\"101\" src=\"https:\/\/pracowniaxbit.pl\/site1\/wp-content\/uploads\/2022\/11\/4.jpg\" alt=\"\" class=\"wp-image-529\"\/><\/figure><\/div>\n\n\n<p class=\"has-text-align-center has-normal-font-size\"><strong>Us\u0142ugowego<\/strong><\/p>\n\n\n\n<p class=\"has-small-font-size\">obiekty u\u017cyteczno\u015bci publicznej dla sektora prywatnego i publicznego:<\/p>\n\n\n\n<ul class=\"has-small-font-size\"><li>biurowe i administracji<\/li><li>obiekty sportu i rekreacji<\/li><li>kultury, nauki i o\u015bwiaty<\/li><li>s\u0142u\u017cby zdrowia i opieki<\/li><li>turystyki i rekreacji<\/li><li>handlu i gastronomii<\/li><\/ul>\n<\/div>\n<\/div>\n<\/div><\/div>\n\n\n\n<h2>Skontaktuj si\u0119 z nami<\/h2>\n\n\n\n<p><strong>Zadzwo\u0144 do nas:<\/strong><\/p>\n\n\n<p class='wp-call-button-block-button'><a class='wp-call-button-in-btn' href='tel:+48222304052' style='' ><svg x=\"0px\" y=\"0px\" width=\"459px\" height=\"459px\" viewBox=\"0 0 459 459\">\n\t\t\t\t<path\n\t\t\t\t\td=\"M91.8,198.9c35.7,71.4,96.9,130.05,168.3,168.3L316.2,311.1c7.649-7.649,17.85-10.199,25.5-5.1c28.05,10.2,58.649,15.3,91.8,15.3c15.3,0,25.5,10.2,25.5,25.5v86.7c0,15.3-10.2,25.5-25.5,25.5C193.8,459,0,265.2,0,25.5C0,10.2,10.2,0,25.5,0h89.25c15.3,0,25.5,10.2,25.5,25.5c0,30.6,5.1,61.2,15.3,91.8c2.55,7.65,0,17.85-5.1,25.5L91.8,198.9z\"\n\t\t\t\t\/>\n\t\t\t<\/svg> 22-230-40-52<\/a><\/p>\n\n\n<p>lub: +48-459-566-930<\/p>\n\n\n\n<p><strong>Napisz do nas:<\/strong><\/p>\n\n\n<div class=\"wpforms-container wpforms-container-full\" id=\"wpforms-218\"><form id=\"wpforms-form-218\" class=\"wpforms-validate wpforms-form wpforms-ajax-form\" data-formid=\"218\" method=\"post\" enctype=\"multipart\/form-data\" action=\"\/site1\/wp-json\/wp\/v2\/pages\/2\" data-token=\"13dddcbe4c246953e2473258aa58e7a7\"><noscript class=\"wpforms-error-noscript\">Please enable JavaScript in your browser to complete this form.<\/noscript><div class=\"wpforms-field-container\"><div id=\"wpforms-218-field_0-container\" class=\"wpforms-field wpforms-field-name\" data-field-id=\"0\"><label class=\"wpforms-field-label\" for=\"wpforms-218-field_0\">Imi\u0119 <span class=\"wpforms-required-label\">*<\/span><\/label><input type=\"text\" id=\"wpforms-218-field_0\" class=\"wpforms-field-medium wpforms-field-required\" name=\"wpforms[fields][0]\" required><\/div><div id=\"wpforms-218-field_1-container\" class=\"wpforms-field wpforms-field-email\" data-field-id=\"1\"><label class=\"wpforms-field-label\" for=\"wpforms-218-field_1\">Email <span class=\"wpforms-required-label\">*<\/span><\/label><input type=\"email\" id=\"wpforms-218-field_1\" class=\"wpforms-field-medium wpforms-field-required\" name=\"wpforms[fields][1]\" required><\/div><div id=\"wpforms-218-field_2-container\" class=\"wpforms-field wpforms-field-textarea\" data-field-id=\"2\"><label class=\"wpforms-field-label\" for=\"wpforms-218-field_2\">Tre\u015b\u0107 wiadomo\u015bci<\/label><textarea id=\"wpforms-218-field_2\" class=\"wpforms-field-medium\" name=\"wpforms[fields][2]\" ><\/textarea><\/div><\/div><div class=\"wpforms-recaptcha-container wpforms-is-hcaptcha\"><div class=\"g-recaptcha\" data-sitekey=\"2f026bc2-f883-4953-810d-672682f3dd36\"><\/div><input type=\"text\" name=\"g-recaptcha-hidden\" class=\"wpforms-recaptcha-hidden\" style=\"position:absolute!important;clip:rect(0,0,0,0)!important;height:1px!important;width:1px!important;border:0!important;overflow:hidden!important;padding:0!important;margin:0!important;\" required><\/div><div class=\"wpforms-submit-container\"><input type=\"hidden\" name=\"wpforms[id]\" value=\"218\"><input type=\"hidden\" name=\"wpforms[author]\" value=\"1\"><button type=\"submit\" name=\"wpforms[submit]\" id=\"wpforms-submit-218\" class=\"wpforms-submit\" data-alt-text=\"Wysy\u0142am...\" data-submit-text=\"Wy\u015blij\" aria-live=\"assertive\" value=\"wpforms-submit\">Wy\u015blij<\/button><img src=\"https:\/\/pracowniaxbit.pl\/site1\/wp-content\/plugins\/wpforms-lite\/assets\/images\/submit-spin.svg\" class=\"wpforms-submit-spinner\" style=\"display: none;\" width=\"26\" height=\"26\" alt=\"Loading\"><\/div><\/form><\/div>  <!-- .wpforms-container -->","protected":false},"excerpt":{"rendered":"<p>Zapraszamy do zapoznania si\u0119 z nasz\u0105 ofert\u0105: Skontaktuj si\u0119 z nami Zadzwo\u0144 [&hellip;]<\/p>\n","protected":false},"author":1,"featured_media":0,"parent":0,"menu_order":0,"comment_status":"closed","ping_status":"open","template":"","meta":{"om_disable_all_campaigns":false,"_mi_skip_tracking":false},"aioseo_notices":[],"_links":{"self":[{"href":"https:\/\/pracowniaxbit.pl\/site1\/wp-json\/wp\/v2\/pages\/2"}],"collection":[{"href":"https:\/\/pracowniaxbit.pl\/site1\/wp-json\/wp\/v2\/pages"}],"about":[{"href":"https:\/\/pracowniaxbit.pl\/site1\/wp-json\/wp\/v2\/types\/page"}],"author":[{"embeddable":true,"href":"https:\/\/pracowniaxbit.pl\/site1\/wp-json\/wp\/v2\/users\/1"}],"replies":[{"embeddable":true,"href":"https:\/\/pracowniaxbit.pl\/site1\/wp-json\/wp\/v2\/comments?post=2"}],"version-history":[{"count":53,"href":"https:\/\/pracowniaxbit.pl\/site1\/wp-json\/wp\/v2\/pages\/2\/revisions"}],"predecessor-version":[{"id":550,"href":"https:\/\/pracowniaxbit.pl\/site1\/wp-json\/wp\/v2\/pages\/2\/revisions\/550"}],"wp:attachment":[{"href":"https:\/\/pracowniaxbit.pl\/site1\/wp-json\/wp\/v2\/media?parent=2"}],"curies":[{"name":"wp","href":"https:\/\/api.w.org\/{rel}","templated":true}]}}